{"id":195,"date":"2024-01-21T18:36:37","date_gmt":"2024-01-21T17:36:37","guid":{"rendered":"https:\/\/www.dachkonzepte.net\/?page_id=195"},"modified":"2025-03-28T17:36:31","modified_gmt":"2025-03-28T16:36:31","slug":"dachfenster","status":"publish","type":"page","link":"https:\/\/www.dachkonzepte.net\/?page_id=195","title":{"rendered":"Dachfenster"},"content":{"rendered":"\t\t<div data-elementor-type=\"wp-page\" data-elementor-id=\"195\" class=\"elementor elementor-195\" data-elementor-post-type=\"page\">\n\t\t\t\t\t\t<section class=\"elementor-section elementor-top-section elementor-element elementor-element-6bc908b1 elementor-section-full_width elementor-section-height-min-height elementor-section-items-stretch elementor-section-height-default\" data-id=\"6bc908b1\" data-element_type=\"section\" data-e-type=\"section\" data-settings=\"{&quot;background_background&quot;:&quot;classic&quot;}\">\n\t\t\t\t\t\t<div class=\"elementor-container elementor-column-gap-no\">\n\t\t\t\t\t<div class=\"elementor-column elementor-col-50 elementor-top-column elementor-element elementor-element-64eb6a82\" data-id=\"64eb6a82\" data-element_type=\"column\" data-e-type=\"column\">\n\t\t\t<div class=\"elementor-widget-wrap elementor-element-populated\">\n\t\t\t\t\t\t<div class=\"elementor-element elementor-element-19ee8efb elementor-invisible elementor-widget elementor-widget-heading\" data-id=\"19ee8efb\" data-element_type=\"widget\" data-e-type=\"widget\" data-settings=\"{&quot;_animation&quot;:&quot;fadeInUp&quot;}\" data-widget_type=\"heading.default\">\n\t\t\t\t<div class=\"elementor-widget-container\">\n\t\t\t\t\t<h3 class=\"elementor-heading-title elementor-size-default\">DACHFENSTER<\/h3>\t\t\t\t<\/div>\n\t\t\t\t<\/div>\n\t\t\t\t<div class=\"elementor-element elementor-element-5f74a144 elementor-widget-divider--view-line elementor-widget elementor-widget-divider\" data-id=\"5f74a144\" data-element_type=\"widget\" data-e-type=\"widget\" data-widget_type=\"divider.default\">\n\t\t\t\t<div class=\"elementor-widget-container\">\n\t\t\t\t\t\t\t<div class=\"elementor-divider\">\n\t\t\t<span class=\"elementor-divider-separator\">\n\t\t\t\t\t\t<\/span>\n\t\t<\/div>\n\t\t\t\t\t\t<\/div>\n\t\t\t\t<\/div>\n\t\t\t\t<div class=\"elementor-element elementor-element-248b7e05 elementor-widget__width-initial elementor-widget elementor-widget-text-editor\" data-id=\"248b7e05\" data-element_type=\"widget\" data-e-type=\"widget\" data-widget_type=\"text-editor.default\">\n\t\t\t\t<div class=\"elementor-widget-container\">\n\t\t\t\t\t\t\t\t\t<p>Sie brauchen Dachfenster f\u00fcr Ihr neues Eigenheim? Wollen Sie Ihre Dachfenster austauschen oder Ihren Dachboden zu einem sch\u00f6nen Wohnraum umgestalten? Wir sorgen f\u00fcr sch\u00f6nere Aussichten!<\/p>\t\t\t\t\t\t\t\t<\/div>\n\t\t\t\t<\/div>\n\t\t\t\t<div class=\"elementor-element elementor-element-4e040ad6 elementor-widget__width-initial elementor-widget elementor-widget-text-editor\" data-id=\"4e040ad6\" data-element_type=\"widget\" data-e-type=\"widget\" data-widget_type=\"text-editor.default\">\n\t\t\t\t<div class=\"elementor-widget-container\">\n\t\t\t\t\t\t\t\t\t<p>Ob Sie Ihr bestehendes Dachfenster passgenau erneuern oder Ihre Fensterfl\u00e4che vergr\u00f6\u00dfern m\u00f6chten, wir realisieren die geeignete\u00a0<strong>Fensterl\u00f6sung genau nach Ihren Vorstellungen<\/strong>. Somit l\u00e4sst sich nicht nur Ihr Dachwohnraum aufwerten, sondern es wird ein\u00a0<strong>lichtdurchfluteter Raum<\/strong>\u00a0erzeugt. Dadurch erhalten Sie\u00a0<strong>mehr Tageslicht, frische Luft<\/strong>\u00a0und eine h\u00f6here Wohnqualit\u00e4t. Und wenn es noch etwas mehr sein darf, bieten wir Ihnen anhand einer Vielzahl von Produkten und Ideen die\u00a0<strong>passenden Sonnenschutz- und Dekorationsartikel<\/strong>.<\/p>\t\t\t\t\t\t\t\t<\/div>\n\t\t\t\t<\/div>\n\t\t\t\t\t<\/div>\n\t\t<\/div>\n\t\t\t\t<div class=\"elementor-column elementor-col-50 elementor-top-column elementor-element elementor-element-3bc6c775\" data-id=\"3bc6c775\" data-element_type=\"column\" data-e-type=\"column\" data-settings=\"{&quot;background_background&quot;:&quot;classic&quot;}\">\n\t\t\t<div class=\"elementor-widget-wrap\">\n\t\t\t\t\t\t\t<\/div>\n\t\t<\/div>\n\t\t\t\t\t<\/div>\n\t\t<\/section>\n\t\t\t\t<section class=\"elementor-section elementor-top-section elementor-element elementor-element-7ac2e758 elementor-section-full_width elementor-section-height-default elementor-section-height-default\" data-id=\"7ac2e758\" data-element_type=\"section\" data-e-type=\"section\">\n\t\t\t\t\t\t<div class=\"elementor-container elementor-column-gap-default\">\n\t\t\t\t\t<div class=\"elementor-column elementor-col-33 elementor-top-column elementor-element elementor-element-411a2139\" data-id=\"411a2139\" data-element_type=\"column\" data-e-type=\"column\">\n\t\t\t<div class=\"elementor-widget-wrap\">\n\t\t\t\t\t\t\t<\/div>\n\t\t<\/div>\n\t\t\t\t<div class=\"elementor-column elementor-col-33 elementor-top-column elementor-element elementor-element-3cbde5d5\" data-id=\"3cbde5d5\" data-element_type=\"column\" data-e-type=\"column\">\n\t\t\t<div class=\"elementor-widget-wrap elementor-element-populated\">\n\t\t\t\t\t\t<div class=\"elementor-element elementor-element-31ce91cb elementor-widget elementor-widget-spacer\" data-id=\"31ce91cb\" data-element_type=\"widget\" data-e-type=\"widget\" data-widget_type=\"spacer.default\">\n\t\t\t\t<div class=\"elementor-widget-container\">\n\t\t\t\t\t\t\t<div class=\"elementor-spacer\">\n\t\t\t<div class=\"elementor-spacer-inner\"><\/div>\n\t\t<\/div>\n\t\t\t\t\t\t<\/div>\n\t\t\t\t<\/div>\n\t\t\t\t<div class=\"elementor-element elementor-element-5930cfce elementor-invisible elementor-widget elementor-widget-heading\" data-id=\"5930cfce\" data-element_type=\"widget\" data-e-type=\"widget\" data-settings=\"{&quot;_animation&quot;:&quot;fadeInUp&quot;}\" data-widget_type=\"heading.default\">\n\t\t\t\t<div class=\"elementor-widget-container\">\n\t\t\t\t\t<h3 class=\"elementor-heading-title elementor-size-default\">UNSERE LEISTUNGEN IM BEREICH DACHFENSTER<\/h3>\t\t\t\t<\/div>\n\t\t\t\t<\/div>\n\t\t\t\t<div class=\"elementor-element elementor-element-381075e5 elementor-widget__width-initial elementor-widget elementor-widget-text-editor\" data-id=\"381075e5\" data-element_type=\"widget\" data-e-type=\"widget\" data-widget_type=\"text-editor.default\">\n\t\t\t\t<div class=\"elementor-widget-container\">\n\t\t\t\t\t\t\t\t\t<p>Wir bieten Ihnen nicht nur Qualit\u00e4ts-Dachfenster, sondern auch passendes Zubeh\u00f6r.\u00a0<\/p>\t\t\t\t\t\t\t\t<\/div>\n\t\t\t\t<\/div>\n\t\t\t\t<section class=\"elementor-section elementor-inner-section elementor-element elementor-element-1a8877c0 elementor-section-full_width elementor-section-height-default elementor-section-height-default\" data-id=\"1a8877c0\" data-element_type=\"section\" data-e-type=\"section\">\n\t\t\t\t\t\t<div class=\"elementor-container elementor-column-gap-default\">\n\t\t\t\t\t<div class=\"elementor-column elementor-col-50 elementor-inner-column elementor-element elementor-element-968c43e\" data-id=\"968c43e\" data-element_type=\"column\" data-e-type=\"column\">\n\t\t\t<div class=\"elementor-widget-wrap elementor-element-populated\">\n\t\t\t\t\t\t<div class=\"elementor-element elementor-element-5b19e66d elementor-widget elementor-widget-heading\" data-id=\"5b19e66d\" data-element_type=\"widget\" data-e-type=\"widget\" data-widget_type=\"heading.default\">\n\t\t\t\t<div class=\"elementor-widget-container\">\n\t\t\t\t\t<h2 class=\"elementor-heading-title elementor-size-default\">VELUX und Roto Dachfenster<\/h2>\t\t\t\t<\/div>\n\t\t\t\t<\/div>\n\t\t\t\t<div class=\"elementor-element elementor-element-40b4004b elementor-widget__width-initial elementor-widget elementor-widget-text-editor\" data-id=\"40b4004b\" data-element_type=\"widget\" data-e-type=\"widget\" data-widget_type=\"text-editor.default\">\n\t\t\t\t<div class=\"elementor-widget-container\">\n\t\t\t\t\t\t\t\t\t<p>Ob manuell oder automatisch (entweder elektrische Dachfenster oder solche mit Solar, bei welchen kein Anschluss ben\u00f6tigt wird), klappen oder schwingen \u2013 mit den Produkten von VELUX und Roto gelingt jeder Fensteraustausch oder Fenstereinbau unkompliziert und schnell. Vom einzelnen Klapp-Schwing-Fenster bis hin zum kompletten Dachbalkon, mit kleinen Kniffen steigern wir Ihr Wohlbefinden unter dem Dach. Zudem bietet sowohl VELUX als auch Roto langj\u00e4hrige Garantieleistungen f\u00fcr dauerhafte und maximale Sicherheit. Mit den richtigen Dachfl\u00e4chenfenstern lassen sich dar\u00fcber hinaus Energiekosten reduzieren. S\u00e4mtliche Austauschfenster k\u00f6nnen zudem auf Ma\u00df angefertigt werden, wodurch eine zus\u00e4tzliche Anpassung der Innenverkleidung nicht mehr n\u00f6tig ist. So wird Ihr Wohnraum unter dem Dach zum Lieblingswohnbereich.<\/span><\/p>\t\t\t\t\t\t\t\t<\/div>\n\t\t\t\t<\/div>\n\t\t\t\t\t<\/div>\n\t\t<\/div>\n\t\t\t\t<div class=\"elementor-column elementor-col-50 elementor-inner-column elementor-element elementor-element-1c6b08b2\" data-id=\"1c6b08b2\" data-element_type=\"column\" data-e-type=\"column\" data-settings=\"{&quot;background_background&quot;:&quot;classic&quot;}\">\n\t\t\t<div class=\"elementor-widget-wrap elementor-element-populated\">\n\t\t\t\t\t\t<div class=\"elementor-element elementor-element-7ab426df elementor-widget elementor-widget-spacer\" data-id=\"7ab426df\" data-element_type=\"widget\" data-e-type=\"widget\" data-widget_type=\"spacer.default\">\n\t\t\t\t<div class=\"elementor-widget-container\">\n\t\t\t\t\t\t\t<div class=\"elementor-spacer\">\n\t\t\t<div class=\"elementor-spacer-inner\"><\/div>\n\t\t<\/div>\n\t\t\t\t\t\t<\/div>\n\t\t\t\t<\/div>\n\t\t\t\t\t<\/div>\n\t\t<\/div>\n\t\t\t\t\t<\/div>\n\t\t<\/section>\n\t\t\t\t<div class=\"elementor-element elementor-element-3483d79c elementor-widget elementor-widget-spacer\" data-id=\"3483d79c\" data-element_type=\"widget\" data-e-type=\"widget\" data-widget_type=\"spacer.default\">\n\t\t\t\t<div class=\"elementor-widget-container\">\n\t\t\t\t\t\t\t<div class=\"elementor-spacer\">\n\t\t\t<div class=\"elementor-spacer-inner\"><\/div>\n\t\t<\/div>\n\t\t\t\t\t\t<\/div>\n\t\t\t\t<\/div>\n\t\t\t\t\t<\/div>\n\t\t<\/div>\n\t\t\t\t<div class=\"elementor-column elementor-col-33 elementor-top-column elementor-element elementor-element-5c56e0b2\" data-id=\"5c56e0b2\" data-element_type=\"column\" data-e-type=\"column\">\n\t\t\t<div class=\"elementor-widget-wrap\">\n\t\t\t\t\t\t\t<\/div>\n\t\t<\/div>\n\t\t\t\t\t<\/div>\n\t\t<\/section>\n\t\t\t\t<section class=\"elementor-section elementor-top-section elementor-element elementor-element-75eef86 elementor-section-boxed elementor-section-height-default elementor-section-height-default\" data-id=\"75eef86\" data-element_type=\"section\" data-e-type=\"section\" data-settings=\"{&quot;background_background&quot;:&quot;classic&quot;}\">\n\t\t\t\t\t\t<div class=\"elementor-container elementor-column-gap-default\">\n\t\t\t\t\t<div class=\"elementor-column elementor-col-100 elementor-top-column elementor-element elementor-element-35aa4dd\" data-id=\"35aa4dd\" data-element_type=\"column\" data-e-type=\"column\">\n\t\t\t<div class=\"elementor-widget-wrap elementor-element-populated\">\n\t\t\t\t\t\t<div class=\"elementor-element elementor-element-1128867 elementor-widget elementor-widget-spacer\" data-id=\"1128867\" data-element_type=\"widget\" data-e-type=\"widget\" data-widget_type=\"spacer.default\">\n\t\t\t\t<div class=\"elementor-widget-container\">\n\t\t\t\t\t\t\t<div class=\"elementor-spacer\">\n\t\t\t<div class=\"elementor-spacer-inner\"><\/div>\n\t\t<\/div>\n\t\t\t\t\t\t<\/div>\n\t\t\t\t<\/div>\n\t\t\t\t<section class=\"elementor-section elementor-inner-section elementor-element elementor-element-3d26000b elementor-section-full_width elementor-section-height-default elementor-section-height-default\" data-id=\"3d26000b\" data-element_type=\"section\" data-e-type=\"section\">\n\t\t\t\t\t\t<div class=\"elementor-container elementor-column-gap-default\">\n\t\t\t\t\t<div class=\"elementor-column elementor-col-50 elementor-inner-column elementor-element elementor-element-73010b39\" data-id=\"73010b39\" data-element_type=\"column\" data-e-type=\"column\" data-settings=\"{&quot;background_background&quot;:&quot;classic&quot;}\">\n\t\t\t<div class=\"elementor-widget-wrap elementor-element-populated\">\n\t\t\t\t\t\t<div class=\"elementor-element elementor-element-7655bc47 elementor-widget elementor-widget-spacer\" data-id=\"7655bc47\" data-element_type=\"widget\" data-e-type=\"widget\" data-widget_type=\"spacer.default\">\n\t\t\t\t<div class=\"elementor-widget-container\">\n\t\t\t\t\t\t\t<div class=\"elementor-spacer\">\n\t\t\t<div class=\"elementor-spacer-inner\"><\/div>\n\t\t<\/div>\n\t\t\t\t\t\t<\/div>\n\t\t\t\t<\/div>\n\t\t\t\t\t<\/div>\n\t\t<\/div>\n\t\t\t\t<div class=\"elementor-column elementor-col-50 elementor-inner-column elementor-element elementor-element-5dabd8f9\" data-id=\"5dabd8f9\" data-element_type=\"column\" data-e-type=\"column\">\n\t\t\t<div class=\"elementor-widget-wrap elementor-element-populated\">\n\t\t\t\t\t\t<div class=\"elementor-element elementor-element-4c7ef303 elementor-widget elementor-widget-heading\" data-id=\"4c7ef303\" data-element_type=\"widget\" data-e-type=\"widget\" data-widget_type=\"heading.default\">\n\t\t\t\t<div class=\"elementor-widget-container\">\n\t\t\t\t\t<h2 class=\"elementor-heading-title elementor-size-default\">Rolll\u00e4den und Sonnenschutzprodukte<\/h2>\t\t\t\t<\/div>\n\t\t\t\t<\/div>\n\t\t\t\t<div class=\"elementor-element elementor-element-208b095b elementor-widget__width-initial elementor-widget elementor-widget-text-editor\" data-id=\"208b095b\" data-element_type=\"widget\" data-e-type=\"widget\" data-widget_type=\"text-editor.default\">\n\t\t\t\t<div class=\"elementor-widget-container\">\n\t\t\t\t\t\t\t\t\t<p>Mit dem passenden Zubeh\u00f6r, wie beispielsweise Rolll\u00e4den und Sonnenschutz, werden Ihre R\u00e4ume vor K\u00e4lte und Hitze gesch\u00fctzt und k\u00f6nnen effektiv verdunkelt werden. Sie sorgen somit f\u00fcr eine nat\u00fcrliche Klimatisierung zu allen Jahreszeiten und tragen zu reduzierten Energiekosten bei. Zus\u00e4tzlich unterst\u00fctzen Rolll\u00e4den den Einbruch- und Sichtschutz. Mit diesem auf Sie zugeschnittenen Zubeh\u00f6r und unserem Knowhow erhalten Sie einen dauerhaften Rundum-Schutz!<\/span><\/p>\t\t\t\t\t\t\t\t<\/div>\n\t\t\t\t<\/div>\n\t\t\t\t\t<\/div>\n\t\t<\/div>\n\t\t\t\t\t<\/div>\n\t\t<\/section>\n\t\t\t\t<div class=\"elementor-element elementor-element-1d23882b elementor-widget elementor-widget-spacer\" data-id=\"1d23882b\" data-element_type=\"widget\" data-e-type=\"widget\" data-widget_type=\"spacer.default\">\n\t\t\t\t<div class=\"elementor-widget-container\">\n\t\t\t\t\t\t\t<div class=\"elementor-spacer\">\n\t\t\t<div class=\"elementor-spacer-inner\"><\/div>\n\t\t<\/div>\n\t\t\t\t\t\t<\/div>\n\t\t\t\t<\/div>\n\t\t\t\t\t<\/div>\n\t\t<\/div>\n\t\t\t\t\t<\/div>\n\t\t<\/section>\n\t\t\t\t<\/div>\n\t\t","protected":false},"excerpt":{"rendered":"<p>DACHFENSTER Sie brauchen Dachfenster f\u00fcr Ihr neues Eigenheim? Wollen Sie Ihre Dachfenster austauschen oder Ihren Dachboden zu einem sch\u00f6nen Wohnraum umgestalten? Wir sorgen f\u00fcr sch\u00f6nere Aussichten! Ob Sie Ihr bestehendes Dachfenster passgenau erneuern oder Ihre Fensterfl\u00e4che vergr\u00f6\u00dfern m\u00f6chten, wir realisieren die geeignete\u00a0Fensterl\u00f6sung genau nach Ihren Vorstellungen. Somit l\u00e4sst sich nicht nur Ihr Dachwohnraum aufwerten, sondern [&hellip;]<\/p>\n","protected":false},"author":1,"featured_media":0,"parent":0,"menu_order":0,"comment_status":"closed","ping_status":"closed","template":"","meta":{"footnotes":""},"class_list":["post-195","page","type-page","status-publish","hentry"],"_links":{"self":[{"href":"https:\/\/www.dachkonzepte.net\/index.php?rest_route=\/wp\/v2\/pages\/195","targetHints":{"allow":["GET"]}}],"collection":[{"href":"https:\/\/www.dachkonzepte.net\/index.php?rest_route=\/wp\/v2\/pages"}],"about":[{"href":"https:\/\/www.dachkonzepte.net\/index.php?rest_route=\/wp\/v2\/types\/page"}],"author":[{"embeddable":true,"href":"https:\/\/www.dachkonzepte.net\/index.php?rest_route=\/wp\/v2\/users\/1"}],"replies":[{"embeddable":true,"href":"https:\/\/www.dachkonzepte.net\/index.php?rest_route=%2Fwp%2Fv2%2Fcomments&post=195"}],"version-history":[{"count":25,"href":"https:\/\/www.dachkonzepte.net\/index.php?rest_route=\/wp\/v2\/pages\/195\/revisions"}],"predecessor-version":[{"id":1007,"href":"https:\/\/www.dachkonzepte.net\/index.php?rest_route=\/wp\/v2\/pages\/195\/revisions\/1007"}],"wp:attachment":[{"href":"https:\/\/www.dachkonzepte.net\/index.php?rest_route=%2Fwp%2Fv2%2Fmedia&parent=195"}],"curies":[{"name":"wp","href":"https:\/\/api.w.org\/{rel}","templated":true}]}}