{"id":249,"date":"2024-01-21T18:37:39","date_gmt":"2024-01-21T17:37:39","guid":{"rendered":"https:\/\/www.dachkonzepte.net\/?page_id=249"},"modified":"2025-03-28T17:46:23","modified_gmt":"2025-03-28T16:46:23","slug":"flachdaecher","status":"publish","type":"page","link":"https:\/\/www.dachkonzepte.net\/?page_id=249","title":{"rendered":"Flachd\u00e4cher"},"content":{"rendered":"\t\t<div data-elementor-type=\"wp-page\" data-elementor-id=\"249\" class=\"elementor elementor-249\" data-elementor-post-type=\"page\">\n\t\t\t\t\t\t<section class=\"elementor-section elementor-top-section elementor-element elementor-element-38f0e36f elementor-section-full_width elementor-section-height-min-height elementor-section-items-stretch elementor-section-height-default\" data-id=\"38f0e36f\" data-element_type=\"section\" data-e-type=\"section\" data-settings=\"{&quot;background_background&quot;:&quot;classic&quot;}\">\n\t\t\t\t\t\t<div class=\"elementor-container elementor-column-gap-no\">\n\t\t\t\t\t<div class=\"elementor-column elementor-col-50 elementor-top-column elementor-element elementor-element-544c2760\" data-id=\"544c2760\" data-element_type=\"column\" data-e-type=\"column\">\n\t\t\t<div class=\"elementor-widget-wrap elementor-element-populated\">\n\t\t\t\t\t\t<div class=\"elementor-element elementor-element-8d32d86 elementor-invisible elementor-widget elementor-widget-heading\" data-id=\"8d32d86\" data-element_type=\"widget\" data-e-type=\"widget\" data-settings=\"{&quot;_animation&quot;:&quot;fadeInUp&quot;}\" data-widget_type=\"heading.default\">\n\t\t\t\t<div class=\"elementor-widget-container\">\n\t\t\t\t\t<h3 class=\"elementor-heading-title elementor-size-default\">DAS FLACHDACH<\/h3>\t\t\t\t<\/div>\n\t\t\t\t<\/div>\n\t\t\t\t<div class=\"elementor-element elementor-element-61ef29b8 elementor-widget-divider--view-line elementor-widget elementor-widget-divider\" data-id=\"61ef29b8\" data-element_type=\"widget\" data-e-type=\"widget\" data-widget_type=\"divider.default\">\n\t\t\t\t<div class=\"elementor-widget-container\">\n\t\t\t\t\t\t\t<div class=\"elementor-divider\">\n\t\t\t<span class=\"elementor-divider-separator\">\n\t\t\t\t\t\t<\/span>\n\t\t<\/div>\n\t\t\t\t\t\t<\/div>\n\t\t\t\t<\/div>\n\t\t\t\t<div class=\"elementor-element elementor-element-70154fd elementor-widget__width-initial elementor-widget elementor-widget-text-editor\" data-id=\"70154fd\" data-element_type=\"widget\" data-e-type=\"widget\" data-widget_type=\"text-editor.default\">\n\t\t\t\t<div class=\"elementor-widget-container\">\n\t\t\t\t\t\t\t\t\t<p>Das Flachdach ist nicht nur als nutzungsorientierter Baustil bekannt, sondern gibt dem Geb\u00e4ude ein modernes Aussehen und kann schnell und preiswert konstruiert werden. Ein weiterer Vorteil ist das zus\u00e4tzliche Raumangebot in Form von\u00a0<strong>Dachterrassen oder Dachg\u00e4rten<\/strong>. Ebenso sorgen Flachd\u00e4cher f\u00fcr eine\u00a0<strong>hohe Raumnutzung<\/strong>\u00a0im Inneren. Damit diese flach geneigten D\u00e4cher permanent dicht sind, m\u00fcssen sie professionell geplant und ausgef\u00fchrt werden.<\/p>\t\t\t\t\t\t\t\t<\/div>\n\t\t\t\t<\/div>\n\t\t\t\t<div class=\"elementor-element elementor-element-35acb886 elementor-widget__width-initial elementor-widget elementor-widget-text-editor\" data-id=\"35acb886\" data-element_type=\"widget\" data-e-type=\"widget\" data-widget_type=\"text-editor.default\">\n\t\t\t\t<div class=\"elementor-widget-container\">\n\t\t\t\t\t\t\t\t\t<p>Flachdachkonstruktionen bestehen in der Regel aus mehreren Schichten. Durch die gr\u00fcndliche Auswahl der passenden Materialien h\u00e4lt das Flachdach<strong>\u00a0<\/strong><strong>extremen Belastungen <\/strong>wie Wind und Wetter, Geb\u00e4udebewegungen und Umweltbelastungen stand. Dieser Dachaufbau l\u00e4sst sich gro\u00dfenteils z\u00fcgig und einfach ohne gro\u00dfen Aufwand beliebig erweitern.<\/p>\t\t\t\t\t\t\t\t<\/div>\n\t\t\t\t<\/div>\n\t\t\t\t<div class=\"elementor-element elementor-element-29c9301c elementor-widget__width-initial elementor-widget elementor-widget-text-editor\" data-id=\"29c9301c\" data-element_type=\"widget\" data-e-type=\"widget\" data-widget_type=\"text-editor.default\">\n\t\t\t\t<div class=\"elementor-widget-container\">\n\t\t\t\t\t\t\t\t\t<p>Viele Liebhaber tr\u00e4umen von ihrem kleinen Mini-Biotop auf dem Dach, das auch als Schallschutz und Klimaanlage f\u00fcr das Geb\u00e4ude fungiert. Auch eine Terrasse mit besten Aussichten oder die Installierung von\u00a0<strong>Solaranlagen<\/strong>\u00a0stehen bei einigen Personen ganz oben auf der Wunschliste. Damit Sie bei den unz\u00e4hligen M\u00f6glichkeiten einer Flachdach-Nutzung keinen Fehler begehen, beraten wir Sie gerne. Wir entwickeln gerne mit Ihnen die bestm\u00f6gliche Umsetzung f\u00fcr Ihren pers\u00f6nlichen Traum vom Flachdach.<\/p>\t\t\t\t\t\t\t\t<\/div>\n\t\t\t\t<\/div>\n\t\t\t\t\t<\/div>\n\t\t<\/div>\n\t\t\t\t<div class=\"elementor-column elementor-col-50 elementor-top-column elementor-element elementor-element-d675f24\" data-id=\"d675f24\" data-element_type=\"column\" data-e-type=\"column\" data-settings=\"{&quot;background_background&quot;:&quot;classic&quot;}\">\n\t\t\t<div class=\"elementor-widget-wrap\">\n\t\t\t\t\t\t\t<\/div>\n\t\t<\/div>\n\t\t\t\t\t<\/div>\n\t\t<\/section>\n\t\t\t\t<section class=\"elementor-section elementor-top-section elementor-element elementor-element-b7a8e50 elementor-section-boxed elementor-section-height-default elementor-section-height-default\" data-id=\"b7a8e50\" data-element_type=\"section\" data-e-type=\"section\">\n\t\t\t\t\t\t<div class=\"elementor-container elementor-column-gap-default\">\n\t\t\t\t\t<div class=\"elementor-column elementor-col-100 elementor-top-column elementor-element elementor-element-6e59f93\" data-id=\"6e59f93\" data-element_type=\"column\" data-e-type=\"column\">\n\t\t\t<div class=\"elementor-widget-wrap elementor-element-populated\">\n\t\t\t\t\t\t<div class=\"elementor-element elementor-element-2bbdf548 elementor-widget elementor-widget-spacer\" data-id=\"2bbdf548\" data-element_type=\"widget\" data-e-type=\"widget\" data-widget_type=\"spacer.default\">\n\t\t\t\t<div class=\"elementor-widget-container\">\n\t\t\t\t\t\t\t<div class=\"elementor-spacer\">\n\t\t\t<div class=\"elementor-spacer-inner\"><\/div>\n\t\t<\/div>\n\t\t\t\t\t\t<\/div>\n\t\t\t\t<\/div>\n\t\t\t\t<div class=\"elementor-element elementor-element-2eab021b elementor-invisible elementor-widget elementor-widget-heading\" data-id=\"2eab021b\" data-element_type=\"widget\" data-e-type=\"widget\" data-settings=\"{&quot;_animation&quot;:&quot;fadeInUp&quot;}\" data-widget_type=\"heading.default\">\n\t\t\t\t<div class=\"elementor-widget-container\">\n\t\t\t\t\t<h3 class=\"elementor-heading-title elementor-size-default\">VERSCHIEDENE ARTEN VON FLACHD\u00c4CHERN<\/h3>\t\t\t\t<\/div>\n\t\t\t\t<\/div>\n\t\t\t\t<div class=\"elementor-element elementor-element-769f554d elementor-widget__width-initial elementor-widget elementor-widget-text-editor\" data-id=\"769f554d\" data-element_type=\"widget\" data-e-type=\"widget\" data-widget_type=\"text-editor.default\">\n\t\t\t\t<div class=\"elementor-widget-container\">\n\t\t\t\t\t\t\t\t\t<p>Auch im Bereich der Flachd\u00e4cher bieten wir Ihnen verschiedene Verarbeitungs- und Materialoptionen an.<\/p>\t\t\t\t\t\t\t\t<\/div>\n\t\t\t\t<\/div>\n\t\t\t\t<section class=\"elementor-section elementor-inner-section elementor-element elementor-element-3a19ac65 elementor-section-full_width elementor-section-height-default elementor-section-height-default\" data-id=\"3a19ac65\" data-element_type=\"section\" data-e-type=\"section\">\n\t\t\t\t\t\t<div class=\"elementor-container elementor-column-gap-default\">\n\t\t\t\t\t<div class=\"elementor-column elementor-col-50 elementor-inner-column elementor-element elementor-element-26e3a733\" data-id=\"26e3a733\" data-element_type=\"column\" data-e-type=\"column\">\n\t\t\t<div class=\"elementor-widget-wrap elementor-element-populated\">\n\t\t\t\t\t\t<div class=\"elementor-element elementor-element-c55e83f elementor-widget elementor-widget-heading\" data-id=\"c55e83f\" data-element_type=\"widget\" data-e-type=\"widget\" data-widget_type=\"heading.default\">\n\t\t\t\t<div class=\"elementor-widget-container\">\n\t\t\t\t\t<h2 class=\"elementor-heading-title elementor-size-default\">Dachbahnen aus Kunststoff<\/h2>\t\t\t\t<\/div>\n\t\t\t\t<\/div>\n\t\t\t\t<div class=\"elementor-element elementor-element-c7579af elementor-widget__width-initial elementor-widget elementor-widget-text-editor\" data-id=\"c7579af\" data-element_type=\"widget\" data-e-type=\"widget\" data-widget_type=\"text-editor.default\">\n\t\t\t\t<div class=\"elementor-widget-container\">\n\t\t\t\t\t\t\t\t\t<p>Besondere St\u00e4rken der Kunststoffdachbahnen sind ihre farbige Gestaltung, Flexibilit\u00e4t und Zugfestigkeit. Zus\u00e4tzliche passen sie sich problemlos an komplizierte Details, geschwungene Fl\u00e4chen und frei geformte Dachfl\u00e4chen an. Ob Balkon, Gaube, kleine oder gro\u00dfe Flachd\u00e4cher oder kleinere Bereiche im Fenster- und T\u00fcrbereich \u2013 Kunststoffdachbahnen gew\u00e4hrleisten stets eine saubere Verarbeitung. Vor allem bei Leichtd\u00e4chern, etwa bei einem Hallenbau, greift man auf Dachbahnen aus Kunststoff zur\u00fcck. Bei dem System der losen Verlegung werden die Lagen mechanisch oder durch Auflast befestigt. Hierbei muss vermehrt auf die exakte Ausf\u00fchrung der Naht- und Anschlussverbindungen geachtet werden. F\u00fcr unterschiedliche Anforderungen kommen diffusionsf\u00e4hige, bitumenvertr\u00e4gliche, s\u00e4urefeste oder chemisch best\u00e4ndige Kunststoffdachbahnen zum Einsatz.<\/span><\/p>\t\t\t\t\t\t\t\t<\/div>\n\t\t\t\t<\/div>\n\t\t\t\t\t<\/div>\n\t\t<\/div>\n\t\t\t\t<div class=\"elementor-column elementor-col-50 elementor-inner-column elementor-element elementor-element-62d6be00\" data-id=\"62d6be00\" data-element_type=\"column\" data-e-type=\"column\" data-settings=\"{&quot;background_background&quot;:&quot;classic&quot;}\">\n\t\t\t<div class=\"elementor-widget-wrap elementor-element-populated\">\n\t\t\t\t\t\t<div class=\"elementor-element elementor-element-69c329dd elementor-widget elementor-widget-spacer\" data-id=\"69c329dd\" data-element_type=\"widget\" data-e-type=\"widget\" data-widget_type=\"spacer.default\">\n\t\t\t\t<div class=\"elementor-widget-container\">\n\t\t\t\t\t\t\t<div class=\"elementor-spacer\">\n\t\t\t<div class=\"elementor-spacer-inner\"><\/div>\n\t\t<\/div>\n\t\t\t\t\t\t<\/div>\n\t\t\t\t<\/div>\n\t\t\t\t\t<\/div>\n\t\t<\/div>\n\t\t\t\t\t<\/div>\n\t\t<\/section>\n\t\t\t\t<div class=\"elementor-element elementor-element-31534163 elementor-widget elementor-widget-spacer\" data-id=\"31534163\" data-element_type=\"widget\" data-e-type=\"widget\" data-widget_type=\"spacer.default\">\n\t\t\t\t<div class=\"elementor-widget-container\">\n\t\t\t\t\t\t\t<div class=\"elementor-spacer\">\n\t\t\t<div class=\"elementor-spacer-inner\"><\/div>\n\t\t<\/div>\n\t\t\t\t\t\t<\/div>\n\t\t\t\t<\/div>\n\t\t\t\t\t<\/div>\n\t\t<\/div>\n\t\t\t\t\t<\/div>\n\t\t<\/section>\n\t\t\t\t<section class=\"elementor-section elementor-top-section elementor-element elementor-element-928ce77 elementor-section-boxed elementor-section-height-default elementor-section-height-default\" data-id=\"928ce77\" data-element_type=\"section\" data-e-type=\"section\" data-settings=\"{&quot;background_background&quot;:&quot;classic&quot;}\">\n\t\t\t\t\t\t<div class=\"elementor-container elementor-column-gap-default\">\n\t\t\t\t\t<div class=\"elementor-column elementor-col-100 elementor-top-column elementor-element elementor-element-3288933\" data-id=\"3288933\" data-element_type=\"column\" data-e-type=\"column\">\n\t\t\t<div class=\"elementor-widget-wrap elementor-element-populated\">\n\t\t\t\t\t\t<div class=\"elementor-element elementor-element-e02233e elementor-widget elementor-widget-spacer\" data-id=\"e02233e\" data-element_type=\"widget\" data-e-type=\"widget\" data-widget_type=\"spacer.default\">\n\t\t\t\t<div class=\"elementor-widget-container\">\n\t\t\t\t\t\t\t<div class=\"elementor-spacer\">\n\t\t\t<div class=\"elementor-spacer-inner\"><\/div>\n\t\t<\/div>\n\t\t\t\t\t\t<\/div>\n\t\t\t\t<\/div>\n\t\t\t\t<section class=\"elementor-section elementor-inner-section elementor-element elementor-element-6aa77e86 elementor-section-full_width elementor-section-height-default elementor-section-height-default\" data-id=\"6aa77e86\" data-element_type=\"section\" data-e-type=\"section\" data-settings=\"{&quot;background_background&quot;:&quot;classic&quot;}\">\n\t\t\t\t\t\t<div class=\"elementor-container elementor-column-gap-default\">\n\t\t\t\t\t<div class=\"elementor-column elementor-col-50 elementor-inner-column elementor-element elementor-element-3ce25401\" data-id=\"3ce25401\" data-element_type=\"column\" data-e-type=\"column\" data-settings=\"{&quot;background_background&quot;:&quot;classic&quot;}\">\n\t\t\t<div class=\"elementor-widget-wrap elementor-element-populated\">\n\t\t\t\t\t\t<div class=\"elementor-element elementor-element-41ee4d34 elementor-widget elementor-widget-spacer\" data-id=\"41ee4d34\" data-element_type=\"widget\" data-e-type=\"widget\" data-widget_type=\"spacer.default\">\n\t\t\t\t<div class=\"elementor-widget-container\">\n\t\t\t\t\t\t\t<div class=\"elementor-spacer\">\n\t\t\t<div class=\"elementor-spacer-inner\"><\/div>\n\t\t<\/div>\n\t\t\t\t\t\t<\/div>\n\t\t\t\t<\/div>\n\t\t\t\t\t<\/div>\n\t\t<\/div>\n\t\t\t\t<div class=\"elementor-column elementor-col-50 elementor-inner-column elementor-element elementor-element-1d5b446\" data-id=\"1d5b446\" data-element_type=\"column\" data-e-type=\"column\">\n\t\t\t<div class=\"elementor-widget-wrap elementor-element-populated\">\n\t\t\t\t\t\t<div class=\"elementor-element elementor-element-28dade77 elementor-widget elementor-widget-heading\" data-id=\"28dade77\" data-element_type=\"widget\" data-e-type=\"widget\" data-widget_type=\"heading.default\">\n\t\t\t\t<div class=\"elementor-widget-container\">\n\t\t\t\t\t<h2 class=\"elementor-heading-title elementor-size-default\">Bitumenschwei\u00dfbahnen<\/h2>\t\t\t\t<\/div>\n\t\t\t\t<\/div>\n\t\t\t\t<div class=\"elementor-element elementor-element-4c937910 elementor-widget__width-initial elementor-widget elementor-widget-text-editor\" data-id=\"4c937910\" data-element_type=\"widget\" data-e-type=\"widget\" data-widget_type=\"text-editor.default\">\n\t\t\t\t<div class=\"elementor-widget-container\">\n\t\t\t\t\t\t\t\t\t<p>Eine Eindeckung\/ Abdichtung mit Schwei\u00dfbahnen aus Elastomerbitumen h\u00e4lt nicht nur viele Jahrzehnte lang, sondern ist zudem \u00e4u\u00dferst robust und wartungs- bzw. sanierungsfreundlich. Bitumendichtungsbahnen halten enormen Zugkr\u00e4ften stand und haben aufgrund ihrer Elastizit\u00e4t einen gro\u00dfen Vorteil bei Dachbewegungen. Zudem zeichnet sie eine hohe thermische Belastbarkeit aus.<\/p>\t\t\t\t\t\t\t\t<\/div>\n\t\t\t\t<\/div>\n\t\t\t\t\t<\/div>\n\t\t<\/div>\n\t\t\t\t\t<\/div>\n\t\t<\/section>\n\t\t\t\t<div class=\"elementor-element elementor-element-801d830 elementor-widget elementor-widget-spacer\" data-id=\"801d830\" data-element_type=\"widget\" data-e-type=\"widget\" data-widget_type=\"spacer.default\">\n\t\t\t\t<div class=\"elementor-widget-container\">\n\t\t\t\t\t\t\t<div class=\"elementor-spacer\">\n\t\t\t<div class=\"elementor-spacer-inner\"><\/div>\n\t\t<\/div>\n\t\t\t\t\t\t<\/div>\n\t\t\t\t<\/div>\n\t\t\t\t\t<\/div>\n\t\t<\/div>\n\t\t\t\t\t<\/div>\n\t\t<\/section>\n\t\t\t\t<section class=\"elementor-section elementor-top-section elementor-element elementor-element-ef48890 elementor-section-boxed elementor-section-height-default elementor-section-height-default\" data-id=\"ef48890\" data-element_type=\"section\" data-e-type=\"section\">\n\t\t\t\t\t\t<div class=\"elementor-container elementor-column-gap-default\">\n\t\t\t\t\t<div class=\"elementor-column elementor-col-100 elementor-top-column elementor-element elementor-element-6e13501\" data-id=\"6e13501\" data-element_type=\"column\" data-e-type=\"column\">\n\t\t\t<div class=\"elementor-widget-wrap elementor-element-populated\">\n\t\t\t\t\t\t<div class=\"elementor-element elementor-element-b550722 elementor-widget elementor-widget-spacer\" data-id=\"b550722\" data-element_type=\"widget\" data-e-type=\"widget\" data-widget_type=\"spacer.default\">\n\t\t\t\t<div class=\"elementor-widget-container\">\n\t\t\t\t\t\t\t<div class=\"elementor-spacer\">\n\t\t\t<div class=\"elementor-spacer-inner\"><\/div>\n\t\t<\/div>\n\t\t\t\t\t\t<\/div>\n\t\t\t\t<\/div>\n\t\t\t\t<section class=\"elementor-section elementor-inner-section elementor-element elementor-element-7cc1488e elementor-section-full_width elementor-section-height-default elementor-section-height-default\" data-id=\"7cc1488e\" data-element_type=\"section\" data-e-type=\"section\">\n\t\t\t\t\t\t<div class=\"elementor-container elementor-column-gap-default\">\n\t\t\t\t\t<div class=\"elementor-column elementor-col-50 elementor-inner-column elementor-element elementor-element-6d18bfc2\" data-id=\"6d18bfc2\" data-element_type=\"column\" data-e-type=\"column\">\n\t\t\t<div class=\"elementor-widget-wrap elementor-element-populated\">\n\t\t\t\t\t\t<div class=\"elementor-element elementor-element-43b78e45 elementor-widget elementor-widget-heading\" data-id=\"43b78e45\" data-element_type=\"widget\" data-e-type=\"widget\" data-widget_type=\"heading.default\">\n\t\t\t\t<div class=\"elementor-widget-container\">\n\t\t\t\t\t<h2 class=\"elementor-heading-title elementor-size-default\">Fl\u00fcssigkunststoff-Abdichtung<\/h2>\t\t\t\t<\/div>\n\t\t\t\t<\/div>\n\t\t\t\t<div class=\"elementor-element elementor-element-47319215 elementor-widget__width-initial elementor-widget elementor-widget-text-editor\" data-id=\"47319215\" data-element_type=\"widget\" data-e-type=\"widget\" data-widget_type=\"text-editor.default\">\n\t\t\t\t<div class=\"elementor-widget-container\">\n\t\t\t\t\t\t\t\t\t<p>Eine Abdichtung mit Fl\u00fcssigkunststoff (Polymethylmethacrylatharze) kann nicht nur an einem Flachdach, sondern auch bei Terrassen und Balkonen erfolgen. Durch die fl\u00fcssige Konsistenz erh\u00e4lt man eine vollst\u00e4ndige Anpassung an den Untergrund und die Dachgeometrie. Eine Abdichtung mit Fl\u00fcssigkunststoff eignet sich hervorragend zur Einbindung komplexer Dachaufbauten. Zudem ist sie langlebig (mindestens 25 Jahre) und nahtlos.<\/span><\/p>\t\t\t\t\t\t\t\t<\/div>\n\t\t\t\t<\/div>\n\t\t\t\t\t<\/div>\n\t\t<\/div>\n\t\t\t\t<div class=\"elementor-column elementor-col-50 elementor-inner-column elementor-element elementor-element-54176ad5\" data-id=\"54176ad5\" data-element_type=\"column\" data-e-type=\"column\" data-settings=\"{&quot;background_background&quot;:&quot;classic&quot;}\">\n\t\t\t<div class=\"elementor-widget-wrap elementor-element-populated\">\n\t\t\t\t\t\t<div class=\"elementor-element elementor-element-755a4e09 elementor-widget elementor-widget-spacer\" data-id=\"755a4e09\" data-element_type=\"widget\" data-e-type=\"widget\" data-widget_type=\"spacer.default\">\n\t\t\t\t<div class=\"elementor-widget-container\">\n\t\t\t\t\t\t\t<div class=\"elementor-spacer\">\n\t\t\t<div class=\"elementor-spacer-inner\"><\/div>\n\t\t<\/div>\n\t\t\t\t\t\t<\/div>\n\t\t\t\t<\/div>\n\t\t\t\t\t<\/div>\n\t\t<\/div>\n\t\t\t\t\t<\/div>\n\t\t<\/section>\n\t\t\t\t<div class=\"elementor-element elementor-element-75c80993 elementor-widget elementor-widget-spacer\" data-id=\"75c80993\" data-element_type=\"widget\" data-e-type=\"widget\" data-widget_type=\"spacer.default\">\n\t\t\t\t<div class=\"elementor-widget-container\">\n\t\t\t\t\t\t\t<div class=\"elementor-spacer\">\n\t\t\t<div class=\"elementor-spacer-inner\"><\/div>\n\t\t<\/div>\n\t\t\t\t\t\t<\/div>\n\t\t\t\t<\/div>\n\t\t\t\t\t<\/div>\n\t\t<\/div>\n\t\t\t\t\t<\/div>\n\t\t<\/section>\n\t\t\t\t<\/div>\n\t\t","protected":false},"excerpt":{"rendered":"<p>DAS FLACHDACH Das Flachdach ist nicht nur als nutzungsorientierter Baustil bekannt, sondern gibt dem Geb\u00e4ude ein modernes Aussehen und kann schnell und preiswert konstruiert werden. Ein weiterer Vorteil ist das zus\u00e4tzliche Raumangebot in Form von\u00a0Dachterrassen oder Dachg\u00e4rten. Ebenso sorgen Flachd\u00e4cher f\u00fcr eine\u00a0hohe Raumnutzung\u00a0im Inneren. Damit diese flach geneigten D\u00e4cher permanent dicht sind, m\u00fcssen sie professionell [&hellip;]<\/p>\n","protected":false},"author":1,"featured_media":0,"parent":0,"menu_order":0,"comment_status":"closed","ping_status":"closed","template":"","meta":{"footnotes":""},"class_list":["post-249","page","type-page","status-publish","hentry"],"_links":{"self":[{"href":"https:\/\/www.dachkonzepte.net\/index.php?rest_route=\/wp\/v2\/pages\/249","targetHints":{"allow":["GET"]}}],"collection":[{"href":"https:\/\/www.dachkonzepte.net\/index.php?rest_route=\/wp\/v2\/pages"}],"about":[{"href":"https:\/\/www.dachkonzepte.net\/index.php?rest_route=\/wp\/v2\/types\/page"}],"author":[{"embeddable":true,"href":"https:\/\/www.dachkonzepte.net\/index.php?rest_route=\/wp\/v2\/users\/1"}],"replies":[{"embeddable":true,"href":"https:\/\/www.dachkonzepte.net\/index.php?rest_route=%2Fwp%2Fv2%2Fcomments&post=249"}],"version-history":[{"count":31,"href":"https:\/\/www.dachkonzepte.net\/index.php?rest_route=\/wp\/v2\/pages\/249\/revisions"}],"predecessor-version":[{"id":1020,"href":"https:\/\/www.dachkonzepte.net\/index.php?rest_route=\/wp\/v2\/pages\/249\/revisions\/1020"}],"wp:attachment":[{"href":"https:\/\/www.dachkonzepte.net\/index.php?rest_route=%2Fwp%2Fv2%2Fmedia&parent=249"}],"curies":[{"name":"wp","href":"https:\/\/api.w.org\/{rel}","templated":true}]}}