{"id":291,"date":"2024-01-21T18:36:50","date_gmt":"2024-01-21T17:36:50","guid":{"rendered":"https:\/\/www.dachkonzepte.net\/?page_id=291"},"modified":"2024-11-01T15:41:57","modified_gmt":"2024-11-01T14:41:57","slug":"dachreparatur","status":"publish","type":"page","link":"https:\/\/www.dachkonzepte.net\/?page_id=291","title":{"rendered":"Dachreparatur"},"content":{"rendered":"\t\t<div data-elementor-type=\"wp-page\" data-elementor-id=\"291\" class=\"elementor elementor-291\" data-elementor-post-type=\"page\">\n\t\t\t\t\t\t<section class=\"elementor-section elementor-top-section elementor-element elementor-element-4eacb7c0 elementor-section-full_width elementor-section-height-min-height elementor-section-items-stretch elementor-section-height-default\" data-id=\"4eacb7c0\" data-element_type=\"section\" data-e-type=\"section\" data-settings=\"{&quot;background_background&quot;:&quot;classic&quot;}\">\n\t\t\t\t\t\t<div class=\"elementor-container elementor-column-gap-no\">\n\t\t\t\t\t<div class=\"elementor-column elementor-col-50 elementor-top-column elementor-element elementor-element-72eab648\" data-id=\"72eab648\" data-element_type=\"column\" data-e-type=\"column\">\n\t\t\t<div class=\"elementor-widget-wrap elementor-element-populated\">\n\t\t\t\t\t\t<div class=\"elementor-element elementor-element-7fd87747 elementor-invisible elementor-widget elementor-widget-heading\" data-id=\"7fd87747\" data-element_type=\"widget\" data-e-type=\"widget\" data-settings=\"{&quot;_animation&quot;:&quot;fadeInUp&quot;}\" data-widget_type=\"heading.default\">\n\t\t\t\t<div class=\"elementor-widget-container\">\n\t\t\t\t\t<h3 class=\"elementor-heading-title elementor-size-default\">Dachreparatur<\/h3>\t\t\t\t<\/div>\n\t\t\t\t<\/div>\n\t\t\t\t<div class=\"elementor-element elementor-element-1fef66ba elementor-widget-divider--view-line elementor-widget elementor-widget-divider\" data-id=\"1fef66ba\" data-element_type=\"widget\" data-e-type=\"widget\" data-widget_type=\"divider.default\">\n\t\t\t\t<div class=\"elementor-widget-container\">\n\t\t\t\t\t\t\t<div class=\"elementor-divider\">\n\t\t\t<span class=\"elementor-divider-separator\">\n\t\t\t\t\t\t<\/span>\n\t\t<\/div>\n\t\t\t\t\t\t<\/div>\n\t\t\t\t<\/div>\n\t\t\t\t<div class=\"elementor-element elementor-element-7deaf065 elementor-widget__width-initial elementor-widget elementor-widget-text-editor\" data-id=\"7deaf065\" data-element_type=\"widget\" data-e-type=\"widget\" data-widget_type=\"text-editor.default\">\n\t\t\t\t<div class=\"elementor-widget-container\">\n\t\t\t\t\t\t\t\t\t<p>Auf Ihrem Dach l\u00f6st sich der Schiefer? Wind und Regen f\u00e4hrt unter Ihre Dachziegel? Die Bitumenschwei\u00dfbahnen haben sich voneinander gel\u00f6st? Ihre Dachrinnen tropfen?<\/p>\t\t\t\t\t\t\t\t<\/div>\n\t\t\t\t<\/div>\n\t\t\t\t<div class=\"elementor-element elementor-element-2beb626f elementor-widget__width-initial elementor-widget elementor-widget-text-editor\" data-id=\"2beb626f\" data-element_type=\"widget\" data-e-type=\"widget\" data-widget_type=\"text-editor.default\">\n\t\t\t\t<div class=\"elementor-widget-container\">\n\t\t\t\t\t\t\t\t\t<p>Auch wenn es anfangs nur ein vermeintlich kleiner Schaden ist, kann diese Schwachstelle trotzdem der Ausgangspunkt f\u00fcr\u00a0<strong>gr\u00f6\u00dfere Folgesch\u00e4den<\/strong>\u00a0sein. In jedem Fall sollten Sie das \u00dcbel bei der Wurzel packen und z\u00fcgig einen kompetenten Fachbetrieb kontaktieren. Eine\u00a0<strong>fr\u00fchzeitige Sanierung oder Reparatur<\/strong> erspart Ihnen somit Geld, Frust und \u00c4rger.<\/p>\t\t\t\t\t\t\t\t<\/div>\n\t\t\t\t<\/div>\n\t\t\t\t<div class=\"elementor-element elementor-element-4c8f5289 elementor-widget__width-initial elementor-widget elementor-widget-text-editor\" data-id=\"4c8f5289\" data-element_type=\"widget\" data-e-type=\"widget\" data-widget_type=\"text-editor.default\">\n\t\t\t\t<div class=\"elementor-widget-container\">\n\t\t\t\t\t\t\t\t\t<p>In Zeiten immer extremer werdender Wettersituationen k\u00f6nnen Ihre H\u00e4user immer \u00f6fter besch\u00e4digt werden. Bei einem\u00a0<strong>Sturmschaden<\/strong> etwa ist schnelle Hilfe notwendig. In diesen F\u00e4llen sind wir schnell zur Stelle: Zusammen begutachten wir den angerichteten Schaden und sorgen f\u00fcr eine vorl\u00e4ufige provisorische Abdichtung Ihres Dachs, wodurch das Eindringen von Feuchtigkeit in Ihr Haus verhindert wird. Da wir in der Reparatur aller g\u00e4ngigen Dacheindeckungen kundig sind, k\u00f6nnen wir die anschlie\u00dfenden\u00a0<strong>Reparaturarbeiten fachm\u00e4nnisch und schnell<\/strong>\u00a0umsetzen. So erholen Sie sich schnell wieder von dem anf\u00e4nglichen Schock und k\u00f6nnen das Leben in Ihrem sicheren Haus genie\u00dfen!<\/p>\t\t\t\t\t\t\t\t<\/div>\n\t\t\t\t<\/div>\n\t\t\t\t\t<\/div>\n\t\t<\/div>\n\t\t\t\t<div class=\"elementor-column elementor-col-50 elementor-top-column elementor-element elementor-element-13623639\" data-id=\"13623639\" data-element_type=\"column\" data-e-type=\"column\" data-settings=\"{&quot;background_background&quot;:&quot;classic&quot;}\">\n\t\t\t<div class=\"elementor-widget-wrap\">\n\t\t\t\t\t\t\t<\/div>\n\t\t<\/div>\n\t\t\t\t\t<\/div>\n\t\t<\/section>\n\t\t\t\t<section class=\"elementor-section elementor-top-section elementor-element elementor-element-b7fba6d elementor-section-boxed elementor-section-height-default elementor-section-height-default\" data-id=\"b7fba6d\" data-element_type=\"section\" data-e-type=\"section\">\n\t\t\t\t\t\t<div class=\"elementor-container elementor-column-gap-default\">\n\t\t\t\t\t<div class=\"elementor-column elementor-col-100 elementor-top-column elementor-element elementor-element-89be3a8\" data-id=\"89be3a8\" data-element_type=\"column\" data-e-type=\"column\">\n\t\t\t<div class=\"elementor-widget-wrap elementor-element-populated\">\n\t\t\t\t\t\t<div class=\"elementor-element elementor-element-a601177 elementor-widget elementor-widget-spacer\" data-id=\"a601177\" data-element_type=\"widget\" data-e-type=\"widget\" data-widget_type=\"spacer.default\">\n\t\t\t\t<div class=\"elementor-widget-container\">\n\t\t\t\t\t\t\t<div class=\"elementor-spacer\">\n\t\t\t<div class=\"elementor-spacer-inner\"><\/div>\n\t\t<\/div>\n\t\t\t\t\t\t<\/div>\n\t\t\t\t<\/div>\n\t\t\t\t<div class=\"elementor-element elementor-element-408f37d elementor-invisible elementor-widget elementor-widget-heading\" data-id=\"408f37d\" data-element_type=\"widget\" data-e-type=\"widget\" data-settings=\"{&quot;_animation&quot;:&quot;fadeInUp&quot;}\" data-widget_type=\"heading.default\">\n\t\t\t\t<div class=\"elementor-widget-container\">\n\t\t\t\t\t<h3 class=\"elementor-heading-title elementor-size-default\">Beispiele zu m\u00f6glichen Sch\u00e4den<\/h3>\t\t\t\t<\/div>\n\t\t\t\t<\/div>\n\t\t\t\t<section class=\"elementor-section elementor-inner-section elementor-element elementor-element-d44a9d6 elementor-section-boxed elementor-section-height-default elementor-section-height-default\" data-id=\"d44a9d6\" data-element_type=\"section\" data-e-type=\"section\">\n\t\t\t\t\t\t<div class=\"elementor-container elementor-column-gap-default\">\n\t\t\t\t\t<div class=\"elementor-column elementor-col-50 elementor-inner-column elementor-element elementor-element-589adaa\" data-id=\"589adaa\" data-element_type=\"column\" data-e-type=\"column\">\n\t\t\t<div class=\"elementor-widget-wrap elementor-element-populated\">\n\t\t\t\t\t\t<div class=\"elementor-element elementor-element-b85bc39 elementor-widget__width-initial elementor-widget elementor-widget-image\" data-id=\"b85bc39\" data-element_type=\"widget\" data-e-type=\"widget\" data-widget_type=\"image.default\">\n\t\t\t\t<div class=\"elementor-widget-container\">\n\t\t\t\t\t\t\t\t\t\t\t\t\t\t\t<img fetchpriority=\"high\" decoding=\"async\" width=\"2560\" height=\"1920\" src=\"https:\/\/www.dachkonzepte.net\/wp-content\/uploads\/2024\/11\/IMG_0396-3-scaled.jpg\" class=\"attachment-full size-full wp-image-731\" alt=\"\" srcset=\"https:\/\/www.dachkonzepte.net\/wp-content\/uploads\/2024\/11\/IMG_0396-3-scaled.jpg 2560w, https:\/\/www.dachkonzepte.net\/wp-content\/uploads\/2024\/11\/IMG_0396-3-300x225.jpg 300w, https:\/\/www.dachkonzepte.net\/wp-content\/uploads\/2024\/11\/IMG_0396-3-1024x768.jpg 1024w, https:\/\/www.dachkonzepte.net\/wp-content\/uploads\/2024\/11\/IMG_0396-3-768x576.jpg 768w, https:\/\/www.dachkonzepte.net\/wp-content\/uploads\/2024\/11\/IMG_0396-3-1536x1152.jpg 1536w, https:\/\/www.dachkonzepte.net\/wp-content\/uploads\/2024\/11\/IMG_0396-3-2048x1536.jpg 2048w\" sizes=\"(max-width: 2560px) 100vw, 2560px\" \/>\t\t\t\t\t\t\t\t\t\t\t\t\t\t\t<\/div>\n\t\t\t\t<\/div>\n\t\t\t\t<div class=\"elementor-element elementor-element-1ca18ed elementor-widget__width-initial elementor-widget elementor-widget-text-editor\" data-id=\"1ca18ed\" data-element_type=\"widget\" data-e-type=\"widget\" data-widget_type=\"text-editor.default\">\n\t\t\t\t<div class=\"elementor-widget-container\">\n\t\t\t\t\t\t\t\t\t<p>Undichtes Flachdach<\/p>\t\t\t\t\t\t\t\t<\/div>\n\t\t\t\t<\/div>\n\t\t\t\t\t<\/div>\n\t\t<\/div>\n\t\t\t\t<div class=\"elementor-column elementor-col-50 elementor-inner-column elementor-element elementor-element-8cecd66\" data-id=\"8cecd66\" data-element_type=\"column\" data-e-type=\"column\">\n\t\t\t<div class=\"elementor-widget-wrap elementor-element-populated\">\n\t\t\t\t\t\t<div class=\"elementor-element elementor-element-20b1f17 elementor-widget__width-initial elementor-widget elementor-widget-image\" data-id=\"20b1f17\" data-element_type=\"widget\" data-e-type=\"widget\" data-widget_type=\"image.default\">\n\t\t\t\t<div class=\"elementor-widget-container\">\n\t\t\t\t\t\t\t\t\t\t\t\t\t\t\t<img decoding=\"async\" width=\"2560\" height=\"1920\" src=\"https:\/\/www.dachkonzepte.net\/wp-content\/uploads\/2024\/11\/IMG_9314-10-scaled.jpg\" class=\"attachment-full size-full wp-image-729\" alt=\"\" srcset=\"https:\/\/www.dachkonzepte.net\/wp-content\/uploads\/2024\/11\/IMG_9314-10-scaled.jpg 2560w, https:\/\/www.dachkonzepte.net\/wp-content\/uploads\/2024\/11\/IMG_9314-10-300x225.jpg 300w, https:\/\/www.dachkonzepte.net\/wp-content\/uploads\/2024\/11\/IMG_9314-10-1024x768.jpg 1024w, https:\/\/www.dachkonzepte.net\/wp-content\/uploads\/2024\/11\/IMG_9314-10-768x576.jpg 768w, https:\/\/www.dachkonzepte.net\/wp-content\/uploads\/2024\/11\/IMG_9314-10-1536x1152.jpg 1536w, https:\/\/www.dachkonzepte.net\/wp-content\/uploads\/2024\/11\/IMG_9314-10-2048x1536.jpg 2048w\" sizes=\"(max-width: 2560px) 100vw, 2560px\" \/>\t\t\t\t\t\t\t\t\t\t\t\t\t\t\t<\/div>\n\t\t\t\t<\/div>\n\t\t\t\t<div class=\"elementor-element elementor-element-fda4278 elementor-widget__width-initial elementor-widget elementor-widget-text-editor\" data-id=\"fda4278\" data-element_type=\"widget\" data-e-type=\"widget\" data-widget_type=\"text-editor.default\">\n\t\t\t\t<div class=\"elementor-widget-container\">\n\t\t\t\t\t\t\t\t\t<p>Dachziegeln haben sich gel\u00f6st<\/p>\t\t\t\t\t\t\t\t<\/div>\n\t\t\t\t<\/div>\n\t\t\t\t\t<\/div>\n\t\t<\/div>\n\t\t\t\t\t<\/div>\n\t\t<\/section>\n\t\t\t\t<div class=\"elementor-element elementor-element-ec576b8 elementor-widget elementor-widget-spacer\" data-id=\"ec576b8\" data-element_type=\"widget\" data-e-type=\"widget\" data-widget_type=\"spacer.default\">\n\t\t\t\t<div class=\"elementor-widget-container\">\n\t\t\t\t\t\t\t<div class=\"elementor-spacer\">\n\t\t\t<div class=\"elementor-spacer-inner\"><\/div>\n\t\t<\/div>\n\t\t\t\t\t\t<\/div>\n\t\t\t\t<\/div>\n\t\t\t\t\t<\/div>\n\t\t<\/div>\n\t\t\t\t\t<\/div>\n\t\t<\/section>\n\t\t\t\t<\/div>\n\t\t","protected":false},"excerpt":{"rendered":"<p>Dachreparatur Auf Ihrem Dach l\u00f6st sich der Schiefer? Wind und Regen f\u00e4hrt unter Ihre Dachziegel? Die Bitumenschwei\u00dfbahnen haben sich voneinander gel\u00f6st? Ihre Dachrinnen tropfen? Auch wenn es anfangs nur ein vermeintlich kleiner Schaden ist, kann diese Schwachstelle trotzdem der Ausgangspunkt f\u00fcr\u00a0gr\u00f6\u00dfere Folgesch\u00e4den\u00a0sein. In jedem Fall sollten Sie das \u00dcbel bei der Wurzel packen und z\u00fcgig [&hellip;]<\/p>\n","protected":false},"author":1,"featured_media":0,"parent":0,"menu_order":0,"comment_status":"closed","ping_status":"closed","template":"","meta":{"footnotes":""},"class_list":["post-291","page","type-page","status-publish","hentry"],"_links":{"self":[{"href":"https:\/\/www.dachkonzepte.net\/index.php?rest_route=\/wp\/v2\/pages\/291","targetHints":{"allow":["GET"]}}],"collection":[{"href":"https:\/\/www.dachkonzepte.net\/index.php?rest_route=\/wp\/v2\/pages"}],"about":[{"href":"https:\/\/www.dachkonzepte.net\/index.php?rest_route=\/wp\/v2\/types\/page"}],"author":[{"embeddable":true,"href":"https:\/\/www.dachkonzepte.net\/index.php?rest_route=\/wp\/v2\/users\/1"}],"replies":[{"embeddable":true,"href":"https:\/\/www.dachkonzepte.net\/index.php?rest_route=%2Fwp%2Fv2%2Fcomments&post=291"}],"version-history":[{"count":19,"href":"https:\/\/www.dachkonzepte.net\/index.php?rest_route=\/wp\/v2\/pages\/291\/revisions"}],"predecessor-version":[{"id":739,"href":"https:\/\/www.dachkonzepte.net\/index.php?rest_route=\/wp\/v2\/pages\/291\/revisions\/739"}],"wp:attachment":[{"href":"https:\/\/www.dachkonzepte.net\/index.php?rest_route=%2Fwp%2Fv2%2Fmedia&parent=291"}],"curies":[{"name":"wp","href":"https:\/\/api.w.org\/{rel}","templated":true}]}}